{"id":1604,"date":"2021-07-02T03:12:01","date_gmt":"2021-07-02T03:12:01","guid":{"rendered":"https:\/\/new-irina.novaworks.net\/?page_id=1604"},"modified":"2023-01-27T02:41:46","modified_gmt":"2023-01-27T01:41:46","slug":"peintures","status":"publish","type":"page","link":"https:\/\/www.patricknupert.com\/en\/peintures\/","title":{"rendered":"Painting"},"content":{"rendered":"<div data-elementor-type=\"wp-page\" data-elementor-id=\"1604\" class=\"elementor elementor-1604\">\n\t\t\t\t\t\t\t\t\t<section class=\"elementor-section elementor-top-section elementor-element elementor-element-0b4e923 elementor-section-full_width elementor-section-height-min-height elementor-section-stretched elementor-section-content-middle elementor-section-height-default elementor-section-items-middle\" data-id=\"0b4e923\" data-element_type=\"section\" data-settings=\"{&quot;stretch_section&quot;:&quot;section-stretched&quot;,&quot;background_background&quot;:&quot;classic&quot;}\">\n\t\t\t\t\t\t<div class=\"elementor-container elementor-column-gap-default\">\n\t\t\t\t\t<div class=\"elementor-column elementor-col-100 elementor-top-column elementor-element elementor-element-3b288dc\" data-id=\"3b288dc\" data-element_type=\"column\">\n\t\t\t<div class=\"elementor-widget-wrap elementor-element-populated\">\n\t\t\t\t\t\t\t\t<div class=\"elementor-element elementor-element-03ebde0 elementor-widget elementor-widget-heading\" data-id=\"03ebde0\" data-element_type=\"widget\" data-widget_type=\"heading.default\">\n\t\t\t\t<div class=\"elementor-widget-container\">\n\t\t\t<h3 class=\"elementor-heading-title elementor-size-default\">Humanimalit\u00e9<\/h3>\t\t<\/div>\n\t\t\t\t<\/div>\n\t\t\t\t\t<\/div>\n\t\t<\/div>\n\t\t\t\t\t\t\t<\/div>\n\t\t<\/section>\n\t\t\t\t<section class=\"elementor-section elementor-top-section elementor-element elementor-element-3f0c466 elementor-section-boxed elementor-section-height-default elementor-section-height-default\" data-id=\"3f0c466\" data-element_type=\"section\">\n\t\t\t\t\t\t<div class=\"elementor-container elementor-column-gap-default\">\n\t\t\t\t\t<div class=\"elementor-column elementor-col-100 elementor-top-column elementor-element elementor-element-fbbd8e2\" data-id=\"fbbd8e2\" data-element_type=\"column\">\n\t\t\t<div class=\"elementor-widget-wrap elementor-element-populated\">\n\t\t\t\t\t\t\t\t<div class=\"elementor-element elementor-element-b3044ad elementor-widget-divider--view-line_text animated-slow elementor-widget-divider--element-align-center elementor-invisible elementor-widget elementor-widget-divider\" data-id=\"b3044ad\" data-element_type=\"widget\" data-settings=\"{&quot;_animation&quot;:&quot;fadeInDown&quot;}\" data-widget_type=\"divider.default\">\n\t\t\t\t<div class=\"elementor-widget-container\">\n\t\t\t\t\t<div class=\"elementor-divider\">\n\t\t\t<span class=\"elementor-divider-separator\">\n\t\t\t\t\t\t\t<span class=\"elementor-divider__text elementor-divider__element\">\n\t\t\t\tPainting\t\t\t\t<\/span>\n\t\t\t\t\t\t<\/span>\n\t\t<\/div>\n\t\t\t\t<\/div>\n\t\t\t\t<\/div>\n\t\t\t\t<div class=\"elementor-element elementor-element-ed3024f elementor-widget elementor-widget-text-editor\" data-id=\"ed3024f\" data-element_type=\"widget\" data-widget_type=\"text-editor.default\">\n\t\t\t\t<div class=\"elementor-widget-container\">\n\t\t\t\t\t\t\t<p>Sommes-nous certains de n&rsquo;\u00eatre qu&rsquo;un sous notre peau ? L&rsquo;artiste s&rsquo;interroge.<\/p><p>Look at you ! Look beyond, within, elsewhere! What do you see ? a veritable indoor bestiary!<\/p><p>Voici, selon le peintre, ce que l&rsquo;on trouve sous nos carcasses : la mati\u00e8re subtile et changeante qui fait les \u00e9motions. Derri\u00e8re le tumulte de ces corps hybrides, Patrick Nupert d\u00e9voile le magma merveilleux des sentiments qui se dissimulent sous notre peau, le spectacle harmonieux de l&rsquo;homme et de l&rsquo;animal entrem\u00eal\u00e9s. C\u2019est donc l\u2019\u00e2me en fusion et les pulsions qui sont ici capt\u00e9es dans leur mouvement. L\u2019\u00e2me humaine gentiment d\u00e9pec\u00e9e, mise \u00e0 vif et \u00e0 nu, montr\u00e9e dans l\u2019expression de sa r\u00e9alit\u00e9 composite.<\/p><p>Nous sommes corps-\u00e2mes, toujours changeants, toujours constants dans nos mouvements, toujours mobiles, cherchant \u00e0 \u00eatre, \u00e0 devenir, et ce faisant, nous d\u00e9faisant et refaisant \u00e0 l\u2019infini, emport\u00e9s dans ce processus d\u2019homme en voie de. Nous sommes feu, nous sommes bois. Nous sommes le haut et le bas. Nous sommes tout \u00e0 la fois. Nous sommes l&rsquo;humanimalit\u00e9.<\/p><p>C\u00e9line RIGHI<\/p>\t\t\t\t\t\t<\/div>\n\t\t\t\t<\/div>\n\t\t\t\t<div class=\"elementor-element elementor-element-57c68bb elementor-widget-divider--separator-type-pattern elementor-widget-divider--no-spacing elementor-widget-divider--view-line elementor-widget elementor-widget-divider\" data-id=\"57c68bb\" data-element_type=\"widget\" data-widget_type=\"divider.default\">\n\t\t\t\t<div class=\"elementor-widget-container\">\n\t\t\t\t\t<div class=\"elementor-divider\" style=\"--divider-pattern-url: url(&quot;data:image\/svg+xml,%3Csvg xmlns=&#039;http:\/\/www.w3.org\/2000\/svg&#039; preserveAspectRatio=&#039;xMidYMid meet&#039; overflow=&#039;visible&#039; height=&#039;100%&#039; viewBox=&#039;0 0 126 26&#039; fill=&#039;black&#039; stroke=&#039;none&#039;%3E%3Cpath d=&#039;M3,10.2c2.6,0,2.6,2,2.6,3.2S4.4,16.5,3,16.5s-3-1.4-3-3.2S0.4,10.2,3,10.2z M18.8,10.2c1.7,0,3.2,1.4,3.2,3.2s-1.4,3.2-3.2,3.2c-1.7,0-3.2-1.4-3.2-3.2S17,10.2,18.8,10.2z M34.6,10.2c1.5,0,2.6,1.4,2.6,3.2s-0.5,3.2-1.9,3.2c-1.5,0-3.4-1.4-3.4-3.2S33.1,10.2,34.6,10.2z M50.5,10.2c1.7,0,3.2,1.4,3.2,3.2s-1.4,3.2-3.2,3.2c-1.7,0-3.3-0.9-3.3-2.6S48.7,10.2,50.5,10.2z M66.2,10.2c1.5,0,3.4,1.4,3.4,3.2s-1.9,3.2-3.4,3.2c-1.5,0-2.6-0.4-2.6-2.1S64.8,10.2,66.2,10.2z M82.2,10.2c1.7,0.8,2.6,1.4,2.6,3.2s-0.1,3.2-1.6,3.2c-1.5,0-3.7-1.4-3.7-3.2S80.5,9.4,82.2,10.2zM98.6,10.2c1.5,0,2.6,0.4,2.6,2.1s-1.2,4.2-2.6,4.2c-1.5,0-3.7-0.4-3.7-2.1S97.1,10.2,98.6,10.2z M113.4,10.2c1.2,0,2.2,0.9,2.2,3.2s-0.1,3.2-1.3,3.2s-3.1-1.4-3.1-3.2S112.2,10.2,113.4,10.2z&#039;\/%3E%3C\/svg%3E&quot;);\">\n\t\t\t<span class=\"elementor-divider-separator\">\n\t\t\t\t\t\t<\/span>\n\t\t<\/div>\n\t\t\t\t<\/div>\n\t\t\t\t<\/div>\n\t\t\t\t<div class=\"elementor-element elementor-element-6d670c7 elementor-widget elementor-widget-text-editor\" data-id=\"6d670c7\" data-element_type=\"widget\" data-widget_type=\"text-editor.default\">\n\t\t\t\t<div class=\"elementor-widget-container\">\n\t\t\t\t\t\t\t<p>\n            <div \n                class=\"elfsight-widget-portfolio elfsight-widget\" \n                data-elfsight-portfolio-options=\"%7B%22projects%22%3A%5B%7B%22id%22%3A%225dee9f25-506a-494c-ba5c-31936c658126%22%2C%22media%22%3A%5B%7B%22type%22%3A%22uploaded%22%2C%22data%22%3A%7B%22name%22%3A%22150x150-le-voyage-animiste%22%2C%22url%22%3A%22https%3A%5C%2F%5C%2Fwww.patricknupert.com%5C%2Fwp-content%5C%2Fuploads%5C%2F2025%5C%2F02%5C%2F150x150-le-voyage-animiste.jpg%22%2C%22size%22%3A4347481%2C%22type%22%3A%22image%22%2C%22extension%22%3A%22jpeg%22%2C%22width%22%3A2500%2C%22height%22%3A2500%2C%22ext%22%3A%22jpeg%22%7D%7D%5D%2C%22previewPicture%22%3Anull%2C%22undefined%22%3Anull%2C%22name%22%3A%22LE%20VOYAGE%20ANIMISTE%22%2C%22category%22%3A%22%22%2C%22description%22%3A%22%3Cdiv%20align%3D%5C%22center%5C%22%3E150%20X150%20cm%3Cbr%3ETechnique%20mixte%20sur%20ch%5Cu00e2ssis%20entoil%5Cu00e9%3C%5C%2Fdiv%3E%22%2C%22caption%22%3A%22%22%2C%22website%22%3A%22%22%7D%2C%7B%22id%22%3A%225e931585-eba5-4911-bee1-d06ce35d55b0%22%2C%22media%22%3A%5B%7B%22type%22%3A%22uploaded%22%2C%22data%22%3A%7B%22name%22%3A%22162x114-GIMBO%22%2C%22url%22%3A%22https%3A%5C%2F%5C%2Fwww.patricknupert.com%5C%2Fwp-content%5C%2Fuploads%5C%2F2025%5C%2F02%5C%2F162x114-GIMBO-scaled.jpg%22%2C%22size%22%3A805397%2C%22type%22%3A%22image%22%2C%22extension%22%3A%22jpeg%22%2C%22width%22%3A1796%2C%22height%22%3A2560%2C%22ext%22%3A%22jpeg%22%7D%7D%5D%2C%22previewPicture%22%3Anull%2C%22undefined%22%3Anull%2C%22name%22%3A%22GIMBO%22%2C%22category%22%3A%22%22%2C%22description%22%3A%22%3Cdiv%20align%3D%5C%22center%5C%22%3E162%20X114%20cm%3Cbr%3ETechnique%20mixte%20sur%20ch%5Cu00e2ssis%20entoil%5Cu00e9%3C%5C%2Fdiv%3E%22%2C%22caption%22%3A%22%22%2C%22website%22%3A%22%22%7D%2C%7B%22id%22%3A%229de68cfc-7861-4721-81a6-c618fdc7c108%22%2C%22media%22%3A%5B%7B%22type%22%3A%22uploaded%22%2C%22data%22%3A%7B%22name%22%3A%22146X114-EKOP-light%22%2C%22url%22%3A%22https%3A%5C%2F%5C%2Fwww.patricknupert.com%5C%2Fwp-content%5C%2Fuploads%5C%2F2025%5C%2F02%5C%2F146X114-EKOP-light.jpg%22%2C%22size%22%3A2405042%2C%22type%22%3A%22image%22%2C%22extension%22%3A%22jpeg%22%2C%22width%22%3A1500%2C%22height%22%3A1892%2C%22ext%22%3A%22jpeg%22%7D%7D%5D%2C%22previewPicture%22%3Anull%2C%22undefined%22%3Anull%2C%22name%22%3A%22EKOP%22%2C%22category%22%3A%22%22%2C%22description%22%3A%22%3Cdiv%20align%3D%5C%22center%5C%22%3E146X114%20cm%3Cbr%3ETechnique%20mixte%20sur%20ch%5Cu00e2ssis%20entoil%5Cu00e9%3C%5C%2Fdiv%3E%22%2C%22caption%22%3A%22%22%2C%22website%22%3A%22%22%7D%2C%7B%22id%22%3A%224aecb42d-9141-4fef-b5b0-111031eecdbb%22%2C%22media%22%3A%5B%7B%22type%22%3A%22uploaded%22%2C%22data%22%3A%7B%22name%22%3A%22162X114-KRIYA%22%2C%22url%22%3A%22https%3A%5C%2F%5C%2Fwww.patricknupert.com%5C%2Fwp-content%5C%2Fuploads%5C%2F2025%5C%2F02%5C%2F162X114-KRIYA-scaled.jpg%22%2C%22size%22%3A705344%2C%22type%22%3A%22image%22%2C%22extension%22%3A%22jpeg%22%2C%22width%22%3A1813%2C%22height%22%3A2560%2C%22ext%22%3A%22jpeg%22%7D%7D%5D%2C%22previewPicture%22%3Anull%2C%22undefined%22%3Anull%2C%22name%22%3A%22KRIYA%22%2C%22category%22%3A%22%22%2C%22description%22%3A%22%3Cdiv%20align%3D%5C%22center%5C%22%3E162%20X114%20cm%3Cbr%3ETechnique%20mixte%20sur%20ch%5Cu00e2ssis%20entoil%5Cu00e9%3C%5C%2Fdiv%3E%22%2C%22caption%22%3A%22%22%2C%22website%22%3A%22%22%7D%2C%7B%22id%22%3A%22f136f8cc-9826-4d00-a250-1a2292981408%22%2C%22media%22%3A%5B%7B%22type%22%3A%22uploaded%22%2C%22data%22%3A%7B%22name%22%3A%22150X150%20-%20LE%20SONGE%20DU%20GRIOT%22%2C%22url%22%3A%22https%3A%5C%2F%5C%2Fwww.patricknupert.com%5C%2Fwp-content%5C%2Fuploads%5C%2F2023%5C%2F01%5C%2F150X150-LE-SONGE-DU-GRIOT.jpg%22%2C%22size%22%3A422105%2C%22type%22%3A%22image%22%2C%22extension%22%3A%22jpeg%22%2C%22width%22%3A1500%2C%22height%22%3A1495%2C%22ext%22%3A%22jpeg%22%7D%7D%5D%2C%22previewPicture%22%3Anull%2C%22undefined%22%3Anull%2C%22name%22%3A%22LE%20SONGE%20DU%20GRIOT%22%2C%22category%22%3A%22%22%2C%22description%22%3A%22%3Cdiv%20align%3D%5C%22center%5C%22%3E150%20X150%20cm%3Cbr%3ETechnique%20mixte%20sur%20ch%5Cu00e2ssis%20entoil%5Cu00e9%3C%5C%2Fdiv%3E%22%2C%22caption%22%3A%22%22%2C%22website%22%3A%22%22%7D%2C%7B%22id%22%3A%2257e99347-efcf-4940-9fc7-70a50e29af47%22%2C%22media%22%3A%5B%7B%22type%22%3A%22uploaded%22%2C%22data%22%3A%7B%22name%22%3A%22100X100%20-%20WABI%20SABI%22%2C%22url%22%3A%22https%3A%5C%2F%5C%2Fwww.patricknupert.com%5C%2Fwp-content%5C%2Fuploads%5C%2F2023%5C%2F01%5C%2F100X100-WABI-SABI.jpg%22%2C%22size%22%3A435952%2C%22type%22%3A%22image%22%2C%22extension%22%3A%22jpeg%22%2C%22width%22%3A1498%2C%22height%22%3A1500%2C%22ext%22%3A%22jpeg%22%7D%7D%5D%2C%22previewPicture%22%3Anull%2C%22undefined%22%3Anull%2C%22name%22%3A%22WABI%20SABI%22%2C%22category%22%3A%22%22%2C%22description%22%3A%22%3Cdiv%20align%3D%5C%22center%5C%22%3E100%20X100%20cm%3Cbr%3ETechnique%20mixte%20sur%20ch%5Cu00e2ssis%20entoil%5Cu00e9%3C%5C%2Fdiv%3E%22%2C%22caption%22%3A%22%22%2C%22website%22%3A%22%22%7D%2C%7B%22id%22%3A%22656edc12-8ee9-42d2-bae5-11b161544fc4%22%2C%22media%22%3A%5B%7B%22type%22%3A%22uploaded%22%2C%22data%22%3A%7B%22name%22%3A%22150X150%20-%20CORPS%20D%20AMES%22%2C%22url%22%3A%22https%3A%5C%2F%5C%2Fwww.patricknupert.com%5C%2Fwp-content%5C%2Fuploads%5C%2F2023%5C%2F01%5C%2F150X150-CORPS-D-AMES.jpg%22%2C%22size%22%3A344365%2C%22type%22%3A%22image%22%2C%22extension%22%3A%22jpeg%22%2C%22width%22%3A1497%2C%22height%22%3A1500%2C%22ext%22%3A%22jpeg%22%7D%7D%5D%2C%22previewPicture%22%3Anull%2C%22undefined%22%3Anull%2C%22name%22%3A%22CORPS%20D%27%5Cu00c2MES%22%2C%22category%22%3A%22%22%2C%22description%22%3A%22%3Cdiv%20align%3D%5C%22center%5C%22%3E150%20X150%20cm%3Cbr%3ETechnique%20mixte%20sur%20ch%5Cu00e2ssis%20entoil%5Cu00e9%3C%5C%2Fdiv%3E%22%2C%22caption%22%3A%22%22%2C%22website%22%3A%22%22%7D%2C%7B%22id%22%3A%22d6ff6dfb-e95a-403e-b71d-6edcb02017f8%22%2C%22media%22%3A%5B%7B%22type%22%3A%22uploaded%22%2C%22data%22%3A%7B%22name%22%3A%22146X114%20-%20SANS%20TITRE%2001%22%2C%22url%22%3A%22https%3A%5C%2F%5C%2Fwww.patricknupert.com%5C%2Fwp-content%5C%2Fuploads%5C%2F2023%5C%2F01%5C%2F146X114-SANS-TITRE-01.jpg%22%2C%22size%22%3A265914%2C%22type%22%3A%22image%22%2C%22extension%22%3A%22jpeg%22%2C%22width%22%3A1177%2C%22height%22%3A1500%2C%22ext%22%3A%22jpeg%22%7D%7D%5D%2C%22previewPicture%22%3Anull%2C%22undefined%22%3Anull%2C%22name%22%3A%22SANS%20TITRE%22%2C%22category%22%3A%22%22%2C%22description%22%3A%22%3Cdiv%20align%3D%5C%22center%5C%22%3E146%20X114%20cm%3Cbr%3ETechnique%20mixte%20sur%20ch%5Cu00e2ssis%20entoil%5Cu00e9%3C%5C%2Fdiv%3E%22%2C%22caption%22%3A%22%22%2C%22website%22%3A%22%22%7D%2C%7B%22id%22%3A%22d637c55d-b1a8-4c43-93cb-c0ff411984d6%22%2C%22media%22%3A%5B%7B%22type%22%3A%22uploaded%22%2C%22data%22%3A%7B%22name%22%3A%22130X97%20-%20AMA%20KA%22%2C%22url%22%3A%22https%3A%5C%2F%5C%2Fwww.patricknupert.com%5C%2Fwp-content%5C%2Fuploads%5C%2F2023%5C%2F01%5C%2F130X97-AMA-KA.jpg%22%2C%22size%22%3A357800%2C%22type%22%3A%22image%22%2C%22extension%22%3A%22jpeg%22%2C%22width%22%3A1108%2C%22height%22%3A1500%2C%22ext%22%3A%22jpeg%22%7D%7D%5D%2C%22previewPicture%22%3Anull%2C%22undefined%22%3Anull%2C%22name%22%3A%22AMA%27KA%22%2C%22category%22%3A%22%22%2C%22description%22%3A%22%3Cdiv%20align%3D%5C%22center%5C%22%3E130%20X97%20cm%3Cbr%3ETechnique%20mixte%20sur%20ch%5Cu00e2ssis%20entoil%5Cu00e9%3C%5C%2Fdiv%3E%22%2C%22caption%22%3A%22%22%2C%22website%22%3A%22%22%7D%2C%7B%22id%22%3A%228bbae7d7-7adb-4b23-890f-dc08940d359e%22%2C%22media%22%3A%5B%7B%22type%22%3A%22uploaded%22%2C%22data%22%3A%7B%22name%22%3A%22125X60%20-%20SANS%20TITRE%22%2C%22url%22%3A%22https%3A%5C%2F%5C%2Fwww.patricknupert.com%5C%2Fwp-content%5C%2Fuploads%5C%2F2023%5C%2F01%5C%2F125X60-SANS-TITRE.jpg%22%2C%22size%22%3A242511%2C%22type%22%3A%22image%22%2C%22extension%22%3A%22jpeg%22%2C%22width%22%3A714%2C%22height%22%3A1500%2C%22ext%22%3A%22jpeg%22%7D%7D%5D%2C%22previewPicture%22%3Anull%2C%22undefined%22%3Anull%2C%22name%22%3A%22SANS%20TITRE%22%2C%22category%22%3A%22%22%2C%22description%22%3A%22%3Cdiv%20align%3D%5C%22center%5C%22%3E125%20X60%20cm%3Cbr%3ETechnique%20mixte%20sur%20ch%5Cu00e2ssis%20entoil%5Cu00e9%3C%5C%2Fdiv%3E%22%2C%22caption%22%3A%22%22%2C%22website%22%3A%22%22%7D%2C%7B%22id%22%3A%221b1058cf-74fc-42b4-ae64-ae91b1e6e981%22%2C%22media%22%3A%5B%7B%22type%22%3A%22uploaded%22%2C%22data%22%3A%7B%22name%22%3A%22120X120%20CHATMAN%22%2C%22url%22%3A%22https%3A%5C%2F%5C%2Fwww.patricknupert.com%5C%2Fwp-content%5C%2Fuploads%5C%2F2023%5C%2F01%5C%2F120X120-CHATMAN.jpg%22%2C%22size%22%3A476823%2C%22type%22%3A%22image%22%2C%22extension%22%3A%22jpeg%22%2C%22width%22%3A1498%2C%22height%22%3A1500%2C%22ext%22%3A%22jpeg%22%7D%7D%5D%2C%22previewPicture%22%3Anull%2C%22undefined%22%3Anull%2C%22name%22%3A%22CHATMAN%22%2C%22category%22%3A%22%22%2C%22description%22%3A%22%3Cdiv%20align%3D%5C%22center%5C%22%3E120%20X120%20cm%3Cbr%3ETechnique%20mixte%20sur%20ch%5Cu00e2ssis%20entoil%5Cu00e9%3C%5C%2Fdiv%3E%22%2C%22caption%22%3A%22%22%2C%22website%22%3A%22%22%7D%2C%7B%22id%22%3A%228d65b65a-1820-42b5-911d-75394ce468a3%22%2C%22media%22%3A%5B%7B%22type%22%3A%22uploaded%22%2C%22data%22%3A%7B%22name%22%3A%22100X100%20-%20SANS%20TITRE%2004%22%2C%22url%22%3A%22https%3A%5C%2F%5C%2Fwww.patricknupert.com%5C%2Fwp-content%5C%2Fuploads%5C%2F2023%5C%2F01%5C%2F100X100-SANS-TITRE-04.jpg%22%2C%22size%22%3A495698%2C%22type%22%3A%22image%22%2C%22extension%22%3A%22jpeg%22%2C%22width%22%3A1488%2C%22height%22%3A1500%2C%22ext%22%3A%22jpeg%22%7D%7D%5D%2C%22previewPicture%22%3Anull%2C%22undefined%22%3Anull%2C%22name%22%3A%22SANS%20TITRE%22%2C%22category%22%3A%22%22%2C%22description%22%3A%22%3Cdiv%20align%3D%5C%22center%5C%22%3E100%20X100%20cm%3Cbr%3ETechnique%20mixte%20sur%20ch%5Cu00e2ssis%20entoil%5Cu00e9%3C%5C%2Fdiv%3E%22%2C%22caption%22%3A%22%22%2C%22website%22%3A%22%22%7D%2C%7B%22id%22%3A%228417a2c8-6a92-4933-aafa-f5a864981223%22%2C%22media%22%3A%5B%7B%22type%22%3A%22uploaded%22%2C%22data%22%3A%7B%22name%22%3A%22100X100%20-%20SANS%20TITRE%2003%22%2C%22url%22%3A%22https%3A%5C%2F%5C%2Fwww.patricknupert.com%5C%2Fwp-content%5C%2Fuploads%5C%2F2023%5C%2F01%5C%2F100X100-SANS-TITRE-03.jpg%22%2C%22size%22%3A396129%2C%22type%22%3A%22image%22%2C%22extension%22%3A%22jpeg%22%2C%22width%22%3A1480%2C%22height%22%3A1500%2C%22ext%22%3A%22jpeg%22%7D%7D%5D%2C%22previewPicture%22%3Anull%2C%22undefined%22%3Anull%2C%22name%22%3A%22SANS%20TITRE%22%2C%22category%22%3A%22%22%2C%22description%22%3A%22%3Cdiv%20align%3D%5C%22center%5C%22%3E100%20X100%20cm%3Cbr%3ETechnique%20mixte%20sur%20ch%5Cu00e2ssis%20entoil%5Cu00e9%3C%5C%2Fdiv%3E%22%2C%22caption%22%3A%22%22%2C%22website%22%3A%22%22%7D%2C%7B%22id%22%3A%2283962345-886a-4c5f-bc07-4e082917760e%22%2C%22media%22%3A%5B%7B%22type%22%3A%22uploaded%22%2C%22data%22%3A%7B%22name%22%3A%22100X100%20-%20FLYING%20LOTUS%22%2C%22url%22%3A%22https%3A%5C%2F%5C%2Fwww.patricknupert.com%5C%2Fwp-content%5C%2Fuploads%5C%2F2023%5C%2F01%5C%2F100X100-FLYING-LOTUS.jpg%22%2C%22size%22%3A349128%2C%22type%22%3A%22image%22%2C%22extension%22%3A%22jpeg%22%2C%22width%22%3A1500%2C%22height%22%3A1500%2C%22ext%22%3A%22jpeg%22%7D%7D%5D%2C%22previewPicture%22%3Anull%2C%22undefined%22%3Anull%2C%22name%22%3A%22SANS%20TITRE%22%2C%22category%22%3A%22%22%2C%22description%22%3A%22%3Cdiv%20align%3D%5C%22center%5C%22%3E100%20X100%20cm%3Cbr%3ETechnique%20mixte%20sur%20ch%5Cu00e2ssis%20entoil%5Cu00e9%3C%5C%2Fdiv%3E%22%2C%22caption%22%3A%22%22%2C%22website%22%3A%22%22%7D%5D%2C%22categoriesEnabled%22%3Afalse%2C%22categories%22%3A%5B%7B%22value%22%3A%22%22%2C%22name%22%3A%22%20-%20None%20-%20%22%2C%22visible%22%3Afalse%7D%2C%7B%22value%22%3A%224523ac15-ce7f-471b-a3a3-a3c4ac0efbb9%22%2C%22name%22%3A%22People%22%2C%22undefined%22%3Anull%7D%5D%2C%22widgetTitle%22%3A%22%22%2C%22authorWhereToDisplay%22%3A%5B%5D%2C%22authorName%22%3A%22%22%2C%22authorDescription%22%3A%22%22%2C%22authorPhoto%22%3Anull%2C%22authorEmail%22%3A%22%22%2C%22authorPhone%22%3A%22%22%2C%22authorSocial%22%3A%5B%5D%2C%22ctaWhereToDisplay%22%3A%5B%5D%2C%22ctaButtonText%22%3A%22Hire%20me%22%2C%22ctaButtonLink%22%3A%22%22%2C%22lang%22%3A%22fr%22%2C%22layout%22%3A%22masonry%22%2C%22gridColumns%22%3A3%2C%22gridRows%22%3A3%2C%22gridGutter%22%3A10%2C%22gridItemAspectRatio%22%3A0.669%2C%22gridColumnsTablet%22%3A2%2C%22gridRowsTablet%22%3A2%2C%22gridColumnsMobile%22%3A1%2C%22gridRowsMobile%22%3A1%2C%22masonryColumns%22%3A4%2C%22masonryGutter%22%3A60%2C%22masonryItemsPerPage%22%3A15%2C%22masonryColumnsTablet%22%3A2%2C%22masonryColumnsMobile%22%3A1%2C%22listGutter%22%3A10%2C%22listItemsPerPage%22%3A8%2C%22listItemAspectRatio%22%3A0.333%2C%22width%22%3A%22auto%22%2C%22projectLook%22%3A%22overlay%22%2C%22projectInfoToDisplay%22%3A%5B%22name%22%2C%22description%22%5D%2C%22projectClickAction%22%3A%22popup%22%2C%22popupInfoToDisplay%22%3A%5B%22name%22%2C%22description%22%2C%22caption%22%2C%22category%22%2C%22website%22%5D%2C%22backgroundColor%22%3A%22%22%2C%22textColor%22%3A%22rgb%2817%2C%2017%2C%2017%29%22%2C%22ctaColor%22%3A%22rgb%28255%2C%2028%2C%20187%29%22%2C%22linksColor%22%3A%22rgb%28128%2C%20218%2C%20135%29%22%2C%22projectOverlayColor%22%3A%22rgba%2817%2C%2017%2C%2017%2C%200.7%29%22%2C%22projectBackgroundColor%22%3A%22%22%2C%22projectTextColor%22%3A%22%22%2C%22popupBackgroundColor%22%3A%22rgb%28255%2C%20255%2C%20255%29%22%2C%22popupTextColor%22%3A%22rgb%2817%2C%2017%2C%2017%29%22%2C%22popupOverlayColor%22%3A%22rgba%2817%2C%2017%2C%2017%2C%200.9%29%22%2C%22popupCtaColor%22%3A%22rgb%2828%2C%2059%2C%20255%29%22%2C%22popupLinksColor%22%3A%22rgb%2828%2C%2059%2C%20255%29%22%2C%22popupTextAlignment%22%3A%22left%22%2C%22widgetId%22%3A%227%22%7D\" \n                data-elfsight-portfolio-version=\"1.1.3\"\n                data-elfsight-widget-id=\"elfsight-portfolio-7\">\n            <\/div>\n            <\/p>\t\t\t\t\t\t<\/div>\n\t\t\t\t<\/div>\n\t\t\t\t\t<\/div>\n\t\t<\/div>\n\t\t\t\t\t\t\t<\/div>\n\t\t<\/section>\n\t\t\t\t\t\t\t<\/div>","protected":false},"excerpt":{"rendered":"<p>Humanimalit\u00e9 PEINTURES Sommes-nous certains de n&rsquo;\u00eatre qu&rsquo;un sous notre peau ? L&rsquo;artiste s&rsquo;interroge. Regardez-vous ! Regardez au-del\u00e0, au- dedans, ailleurs ! Que voyez-vous ? un v\u00e9ritable bestiaire int\u00e9rieur ! Voici, selon le peintre, ce que l&rsquo;on trouve sous nos carcasses : la mati\u00e8re subtile et changeante qui fait les \u00e9motions. Derri\u00e8re le tumulte de ces [&hellip;]<\/p>","protected":false},"author":1,"featured_media":0,"parent":0,"menu_order":0,"comment_status":"closed","ping_status":"closed","template":"","meta":{"footnotes":""},"class_list":["post-1604","page","type-page","status-publish","hentry"],"_links":{"self":[{"href":"https:\/\/www.patricknupert.com\/en\/wp-json\/wp\/v2\/pages\/1604","targetHints":{"allow":["GET"]}}],"collection":[{"href":"https:\/\/www.patricknupert.com\/en\/wp-json\/wp\/v2\/pages"}],"about":[{"href":"https:\/\/www.patricknupert.com\/en\/wp-json\/wp\/v2\/types\/page"}],"author":[{"embeddable":true,"href":"https:\/\/www.patricknupert.com\/en\/wp-json\/wp\/v2\/users\/1"}],"replies":[{"embeddable":true,"href":"https:\/\/www.patricknupert.com\/en\/wp-json\/wp\/v2\/comments?post=1604"}],"version-history":[{"count":148,"href":"https:\/\/www.patricknupert.com\/en\/wp-json\/wp\/v2\/pages\/1604\/revisions"}],"predecessor-version":[{"id":4558,"href":"https:\/\/www.patricknupert.com\/en\/wp-json\/wp\/v2\/pages\/1604\/revisions\/4558"}],"wp:attachment":[{"href":"https:\/\/www.patricknupert.com\/en\/wp-json\/wp\/v2\/media?parent=1604"}],"curies":[{"name":"wp","href":"https:\/\/api.w.org\/{rel}","templated":true}]}}