{"id":3707,"date":"2022-10-24T11:40:26","date_gmt":"2022-10-24T09:40:26","guid":{"rendered":"http:\/\/new.patricknupert.com\/?page_id=3707"},"modified":"2025-10-03T18:42:10","modified_gmt":"2025-10-03T16:42:10","slug":"actualites","status":"publish","type":"page","link":"https:\/\/www.patricknupert.com\/en\/actualites\/","title":{"rendered":"News"},"content":{"rendered":"<div data-elementor-type=\"wp-page\" data-elementor-id=\"3707\" class=\"elementor elementor-3707\">\n\t\t\t\t\t\t\t\t\t<section class=\"elementor-section elementor-top-section elementor-element elementor-element-2a88233d elementor-section-boxed elementor-section-height-default elementor-section-height-default\" data-id=\"2a88233d\" data-element_type=\"section\" data-settings=\"{&quot;background_background&quot;:&quot;classic&quot;}\">\n\t\t\t\t\t\t\t<div class=\"elementor-background-overlay\"><\/div>\n\t\t\t\t\t\t\t<div class=\"elementor-container elementor-column-gap-default\">\n\t\t\t\t\t<div class=\"elementor-column elementor-col-100 elementor-top-column elementor-element elementor-element-5eed4bad\" data-id=\"5eed4bad\" data-element_type=\"column\">\n\t\t\t<div class=\"elementor-widget-wrap elementor-element-populated\">\n\t\t\t\t\t\t\t\t<div class=\"elementor-element elementor-element-506bbd16 elementor-invisible elementor-widget elementor-widget-heading\" data-id=\"506bbd16\" data-element_type=\"widget\" data-settings=\"{&quot;_animation&quot;:&quot;fadeInDown&quot;}\" data-widget_type=\"heading.default\">\n\t\t\t\t<div class=\"elementor-widget-container\">\n\t\t\t<h4 class=\"elementor-heading-title elementor-size-default\">Actu<\/h4>\t\t<\/div>\n\t\t\t\t<\/div>\n\t\t\t\t\t<\/div>\n\t\t<\/div>\n\t\t\t\t\t\t\t<\/div>\n\t\t<\/section>\n\t\t\t\t<section class=\"elementor-section elementor-top-section elementor-element elementor-element-12d14d0 elementor-section-boxed elementor-section-height-default elementor-section-height-default\" data-id=\"12d14d0\" data-element_type=\"section\">\n\t\t\t\t\t\t\t<div class=\"elementor-background-overlay\"><\/div>\n\t\t\t\t\t\t\t<div class=\"elementor-container elementor-column-gap-default\">\n\t\t\t\t\t<div class=\"elementor-column elementor-col-50 elementor-top-column elementor-element elementor-element-4907f60 elementor-invisible\" data-id=\"4907f60\" data-element_type=\"column\" data-settings=\"{&quot;animation&quot;:&quot;fadeIn&quot;}\">\n\t\t\t<div class=\"elementor-widget-wrap elementor-element-populated\">\n\t\t\t\t\t\t\t\t<div class=\"elementor-element elementor-element-9cbae1d elementor-widget elementor-widget-image\" data-id=\"9cbae1d\" data-element_type=\"widget\" data-widget_type=\"image.default\">\n\t\t\t\t<div class=\"elementor-widget-container\">\n\t\t\t\t\t\t\t\t\t\t\t\t\t\t\t<img loading=\"lazy\" decoding=\"async\" width=\"2448\" height=\"2448\" src=\"https:\/\/www.patricknupert.com\/wp-content\/uploads\/2022\/11\/IMG_5017-rotated.jpg\" class=\"attachment-full size-full wp-image-4270\" alt=\"\" srcset=\"https:\/\/www.patricknupert.com\/wp-content\/uploads\/2022\/11\/IMG_5017-rotated.jpg 2448w, https:\/\/www.patricknupert.com\/wp-content\/uploads\/2022\/11\/IMG_5017-300x300.jpg 300w, https:\/\/www.patricknupert.com\/wp-content\/uploads\/2022\/11\/IMG_5017-1024x1024.jpg 1024w, https:\/\/www.patricknupert.com\/wp-content\/uploads\/2022\/11\/IMG_5017-150x150.jpg 150w, https:\/\/www.patricknupert.com\/wp-content\/uploads\/2022\/11\/IMG_5017-768x768.jpg 768w, https:\/\/www.patricknupert.com\/wp-content\/uploads\/2022\/11\/IMG_5017-1536x1536.jpg 1536w, https:\/\/www.patricknupert.com\/wp-content\/uploads\/2022\/11\/IMG_5017-2048x2048.jpg 2048w, https:\/\/www.patricknupert.com\/wp-content\/uploads\/2022\/11\/IMG_5017-12x12.jpg 12w, https:\/\/www.patricknupert.com\/wp-content\/uploads\/2022\/11\/IMG_5017-24x24.jpg 24w, https:\/\/www.patricknupert.com\/wp-content\/uploads\/2022\/11\/IMG_5017-36x36.jpg 36w, https:\/\/www.patricknupert.com\/wp-content\/uploads\/2022\/11\/IMG_5017-48x48.jpg 48w, https:\/\/www.patricknupert.com\/wp-content\/uploads\/2022\/11\/IMG_5017-1100x1100.jpg 1100w, https:\/\/www.patricknupert.com\/wp-content\/uploads\/2022\/11\/IMG_5017-100x100.jpg 100w\" sizes=\"auto, (max-width: 2448px) 100vw, 2448px\" \/>\t\t\t\t\t\t\t\t\t\t\t\t\t\t\t<\/div>\n\t\t\t\t<\/div>\n\t\t\t\t\t<\/div>\n\t\t<\/div>\n\t\t\t\t<div class=\"elementor-column elementor-col-50 elementor-top-column elementor-element elementor-element-57a794f\" data-id=\"57a794f\" data-element_type=\"column\">\n\t\t\t<div class=\"elementor-widget-wrap elementor-element-populated\">\n\t\t\t\t\t\t\t\t<div class=\"elementor-element elementor-element-ce34473 elementor-widget elementor-widget-heading\" data-id=\"ce34473\" data-element_type=\"widget\" data-widget_type=\"heading.default\">\n\t\t\t\t<div class=\"elementor-widget-container\">\n\t\t\t<h2 class=\"elementor-heading-title elementor-size-default\">DU 10 AU 26 OCTOBRE 2025<\/h2>\t\t<\/div>\n\t\t\t\t<\/div>\n\t\t\t\t<div class=\"elementor-element elementor-element-f76c8ea elementor-widget elementor-widget-text-editor\" data-id=\"f76c8ea\" data-element_type=\"widget\" data-widget_type=\"text-editor.default\">\n\t\t\t\t<div class=\"elementor-widget-container\">\n\t\t\t\t\t\t\t<h4><strong>49 REGARDS<\/strong><\/h4>\n<strong><em>Exposition d&rsquo;Art Actuel &#8211; 34\u00e8me \u00e9dition.<\/em><\/strong>\nLes Anciennes Ecuries &#8211; Tr\u00e9laz\u00e9<br>\n\nREAD MORE <a href=\"https:\/\/49regards.com\" target=\"blank\"><span style=\"text-decoration: underline;\">ici<\/span><\/a>\t\t\t\t\t\t<\/div>\n\t\t\t\t<\/div>\n\t\t\t\t\t<\/div>\n\t\t<\/div>\n\t\t\t\t\t\t\t<\/div>\n\t\t<\/section>\n\t\t\t\t\t\t\t<\/div>","protected":false},"excerpt":{"rendered":"<p>Actu DU 10 AU 26 OCTOBRE 2025 49 REGARDS Exposition d&rsquo;Art Actuel &#8211; 34\u00e8me \u00e9dition. Les Anciennes Ecuries &#8211; Tr\u00e9laz\u00e9 En savoir plus ici<\/p>","protected":false},"author":1,"featured_media":0,"parent":0,"menu_order":0,"comment_status":"closed","ping_status":"closed","template":"","meta":{"footnotes":""},"class_list":["post-3707","page","type-page","status-publish","hentry"],"_links":{"self":[{"href":"https:\/\/www.patricknupert.com\/en\/wp-json\/wp\/v2\/pages\/3707","targetHints":{"allow":["GET"]}}],"collection":[{"href":"https:\/\/www.patricknupert.com\/en\/wp-json\/wp\/v2\/pages"}],"about":[{"href":"https:\/\/www.patricknupert.com\/en\/wp-json\/wp\/v2\/types\/page"}],"author":[{"embeddable":true,"href":"https:\/\/www.patricknupert.com\/en\/wp-json\/wp\/v2\/users\/1"}],"replies":[{"embeddable":true,"href":"https:\/\/www.patricknupert.com\/en\/wp-json\/wp\/v2\/comments?post=3707"}],"version-history":[{"count":95,"href":"https:\/\/www.patricknupert.com\/en\/wp-json\/wp\/v2\/pages\/3707\/revisions"}],"predecessor-version":[{"id":4720,"href":"https:\/\/www.patricknupert.com\/en\/wp-json\/wp\/v2\/pages\/3707\/revisions\/4720"}],"wp:attachment":[{"href":"https:\/\/www.patricknupert.com\/en\/wp-json\/wp\/v2\/media?parent=3707"}],"curies":[{"name":"wp","href":"https:\/\/api.w.org\/{rel}","templated":true}]}}