{"id":4362,"date":"2022-11-18T21:37:48","date_gmt":"2022-11-18T20:37:48","guid":{"rendered":"https:\/\/www.patricknupert.com\/?page_id=4362"},"modified":"2022-11-18T21:59:08","modified_gmt":"2022-11-18T20:59:08","slug":"mentions-legales","status":"publish","type":"page","link":"https:\/\/www.patricknupert.com\/en\/mentions-legales\/","title":{"rendered":"Mentions L\u00e9gales"},"content":{"rendered":"<div data-elementor-type=\"wp-page\" data-elementor-id=\"4362\" class=\"elementor elementor-4362\">\n\t\t\t\t\t\t\t\t\t<section class=\"elementor-section elementor-top-section elementor-element elementor-element-39ccc4f elementor-section-boxed elementor-section-height-default elementor-section-height-default\" data-id=\"39ccc4f\" data-element_type=\"section\">\n\t\t\t\t\t\t<div class=\"elementor-container elementor-column-gap-default\">\n\t\t\t\t\t<div class=\"elementor-column elementor-col-100 elementor-top-column elementor-element elementor-element-78d3833\" data-id=\"78d3833\" data-element_type=\"column\">\n\t\t\t<div class=\"elementor-widget-wrap elementor-element-populated\">\n\t\t\t\t\t\t\t\t<div class=\"elementor-element elementor-element-16aa0b6 elementor-widget elementor-widget-text-editor\" data-id=\"16aa0b6\" data-element_type=\"widget\" data-widget_type=\"text-editor.default\">\n\t\t\t\t<div class=\"elementor-widget-container\">\n\t\t\t\t\t\t\t<div><div><p>Le site \u00ab www.patricknupert.com \u00bb, est la propri\u00e9t\u00e9 exclusive de la soci\u00e9t\u00e9 GALERIE ALFRED NICAISE.<\/p><p>D\u00e9nomination : GALERIE ALFRED NICAISE<\/p><p>Forme juridique : Soci\u00e9t\u00e9 par action simplifi\u00e9e<\/p><p>Immatriculation au RCS, num\u00e9ro :904 131 059 RCS Alen\u00e7on<\/p><p>T\u00e9l\u00e9phone: 06 77 66 03 60<\/p><p>Email:\u00a0<span id=\"cloake2384859ebacc4b5f319d977dae4da56\">contact@galeriealfrednicaise.com<\/span><\/p><p>Le site est h\u00e9berg\u00e9 par la soci\u00e9t\u00e9 OVH \u2013 Si\u00e8ge social : 2 rue Kellermann \u2013 59100 Roubaix \u2013 France.<\/p><p>Directrice de la publication : Estelle Verner<\/p><\/div><\/div>\t\t\t\t\t\t<\/div>\n\t\t\t\t<\/div>\n\t\t\t\t\t<\/div>\n\t\t<\/div>\n\t\t\t\t\t\t\t<\/div>\n\t\t<\/section>\n\t\t\t\t\t\t\t<\/div>","protected":false},"excerpt":{"rendered":"<p>Le site \u00ab www.patricknupert.com \u00bb, est la propri\u00e9t\u00e9 exclusive de la soci\u00e9t\u00e9 GALERIE ALFRED NICAISE. D\u00e9nomination : GALERIE ALFRED NICAISE Forme juridique : Soci\u00e9t\u00e9 par action simplifi\u00e9e Immatriculation au RCS, num\u00e9ro :904 131 059 RCS Alen\u00e7on T\u00e9l\u00e9phone: 06 77 66 03 60 Email:\u00a0contact@galeriealfrednicaise.com Le site est h\u00e9berg\u00e9 par la soci\u00e9t\u00e9 OVH \u2013 Si\u00e8ge social : [&hellip;]<\/p>","protected":false},"author":1,"featured_media":0,"parent":0,"menu_order":0,"comment_status":"closed","ping_status":"closed","template":"","meta":{"footnotes":""},"class_list":["post-4362","page","type-page","status-publish","hentry"],"_links":{"self":[{"href":"https:\/\/www.patricknupert.com\/en\/wp-json\/wp\/v2\/pages\/4362","targetHints":{"allow":["GET"]}}],"collection":[{"href":"https:\/\/www.patricknupert.com\/en\/wp-json\/wp\/v2\/pages"}],"about":[{"href":"https:\/\/www.patricknupert.com\/en\/wp-json\/wp\/v2\/types\/page"}],"author":[{"embeddable":true,"href":"https:\/\/www.patricknupert.com\/en\/wp-json\/wp\/v2\/users\/1"}],"replies":[{"embeddable":true,"href":"https:\/\/www.patricknupert.com\/en\/wp-json\/wp\/v2\/comments?post=4362"}],"version-history":[{"count":4,"href":"https:\/\/www.patricknupert.com\/en\/wp-json\/wp\/v2\/pages\/4362\/revisions"}],"predecessor-version":[{"id":4382,"href":"https:\/\/www.patricknupert.com\/en\/wp-json\/wp\/v2\/pages\/4362\/revisions\/4382"}],"wp:attachment":[{"href":"https:\/\/www.patricknupert.com\/en\/wp-json\/wp\/v2\/media?parent=4362"}],"curies":[{"name":"wp","href":"https:\/\/api.w.org\/{rel}","templated":true}]}}