{"id":4514,"date":"2023-01-24T21:34:15","date_gmt":"2023-01-24T20:34:15","guid":{"rendered":"https:\/\/www.patricknupert.com\/?page_id=4514"},"modified":"2023-01-24T21:47:10","modified_gmt":"2023-01-24T20:47:10","slug":"merci-pour-votre-inscription","status":"publish","type":"page","link":"https:\/\/www.patricknupert.com\/en\/merci-pour-votre-inscription\/","title":{"rendered":"Merci pour votre inscription"},"content":{"rendered":"<div data-elementor-type=\"wp-page\" data-elementor-id=\"4514\" class=\"elementor elementor-4514\">\n\t\t\t\t\t\t\t\t\t<section class=\"elementor-section elementor-top-section elementor-element elementor-element-cf8b066 elementor-section-boxed elementor-section-height-default elementor-section-height-default\" data-id=\"cf8b066\" data-element_type=\"section\">\n\t\t\t\t\t\t<div class=\"elementor-container elementor-column-gap-default\">\n\t\t\t\t\t<div class=\"elementor-column elementor-col-100 elementor-top-column elementor-element elementor-element-2229a05\" data-id=\"2229a05\" data-element_type=\"column\">\n\t\t\t<div class=\"elementor-widget-wrap elementor-element-populated\">\n\t\t\t\t\t\t\t\t<section class=\"elementor-section elementor-inner-section elementor-element elementor-element-475acdf elementor-section-boxed elementor-section-height-default elementor-section-height-default\" data-id=\"475acdf\" data-element_type=\"section\">\n\t\t\t\t\t\t<div class=\"elementor-container elementor-column-gap-default\">\n\t\t\t\t\t<div class=\"elementor-column elementor-col-50 elementor-inner-column elementor-element elementor-element-4c51ba6\" data-id=\"4c51ba6\" data-element_type=\"column\">\n\t\t\t<div class=\"elementor-widget-wrap elementor-element-populated\">\n\t\t\t\t\t\t\t\t<div class=\"elementor-element elementor-element-8a17095 elementor-widget elementor-widget-text-editor\" data-id=\"8a17095\" data-element_type=\"widget\" data-widget_type=\"text-editor.default\">\n\t\t\t\t<div class=\"elementor-widget-container\">\n\t\t\t\t\t\t\t<p>Vous serez tenu(e) inform\u00e9(e) des prochaines actualit\u00e9s de Patrick Nupert.<\/p><p>Au plaisir de vous accueillir \u00e0 nouveau sur ce site, ou au fil de nos expos et salons.<\/p><p>A bient\u00f4t !<\/p>\t\t\t\t\t\t<\/div>\n\t\t\t\t<\/div>\n\t\t\t\t<div class=\"elementor-element elementor-element-f6d81ad elementor-widget elementor-widget-image\" data-id=\"f6d81ad\" data-element_type=\"widget\" data-widget_type=\"image.default\">\n\t\t\t\t<div class=\"elementor-widget-container\">\n\t\t\t\t\t\t\t\t\t\t\t\t\t\t\t<img loading=\"lazy\" decoding=\"async\" width=\"800\" height=\"611\" src=\"https:\/\/www.patricknupert.com\/wp-content\/uploads\/2022\/11\/89641-1024x782.jpg\" class=\"attachment-large size-large wp-image-4410\" alt=\"\" srcset=\"https:\/\/www.patricknupert.com\/wp-content\/uploads\/2022\/11\/89641-1024x782.jpg 1024w, https:\/\/www.patricknupert.com\/wp-content\/uploads\/2022\/11\/89641-300x229.jpg 300w, https:\/\/www.patricknupert.com\/wp-content\/uploads\/2022\/11\/89641-768x587.jpg 768w, https:\/\/www.patricknupert.com\/wp-content\/uploads\/2022\/11\/89641-1536x1173.jpg 1536w, https:\/\/www.patricknupert.com\/wp-content\/uploads\/2022\/11\/89641-2048x1564.jpg 2048w, https:\/\/www.patricknupert.com\/wp-content\/uploads\/2022\/11\/89641-16x12.jpg 16w, https:\/\/www.patricknupert.com\/wp-content\/uploads\/2022\/11\/89641-24x18.jpg 24w, https:\/\/www.patricknupert.com\/wp-content\/uploads\/2022\/11\/89641-36x27.jpg 36w, https:\/\/www.patricknupert.com\/wp-content\/uploads\/2022\/11\/89641-48x37.jpg 48w, https:\/\/www.patricknupert.com\/wp-content\/uploads\/2022\/11\/89641-1100x840.jpg 1100w\" sizes=\"auto, (max-width: 800px) 100vw, 800px\" \/>\t\t\t\t\t\t\t\t\t\t\t\t\t\t\t<\/div>\n\t\t\t\t<\/div>\n\t\t\t\t\t<\/div>\n\t\t<\/div>\n\t\t\t\t<div class=\"elementor-column elementor-col-50 elementor-inner-column elementor-element elementor-element-60038ba\" data-id=\"60038ba\" data-element_type=\"column\">\n\t\t\t<div class=\"elementor-widget-wrap elementor-element-populated\">\n\t\t\t\t\t\t\t\t<div class=\"elementor-element elementor-element-eece3fb elementor-widget elementor-widget-image\" data-id=\"eece3fb\" data-element_type=\"widget\" data-widget_type=\"image.default\">\n\t\t\t\t<div class=\"elementor-widget-container\">\n\t\t\t\t\t\t\t\t\t\t\t\t\t\t\t<img loading=\"lazy\" decoding=\"async\" width=\"800\" height=\"800\" src=\"https:\/\/www.patricknupert.com\/wp-content\/uploads\/2022\/11\/PIETA-MoK-1024x1024.jpg\" class=\"attachment-large size-large wp-image-4480\" alt=\"\" srcset=\"https:\/\/www.patricknupert.com\/wp-content\/uploads\/2022\/11\/PIETA-MoK-1024x1024.jpg 1024w, https:\/\/www.patricknupert.com\/wp-content\/uploads\/2022\/11\/PIETA-MoK-300x300.jpg 300w, https:\/\/www.patricknupert.com\/wp-content\/uploads\/2022\/11\/PIETA-MoK-150x150.jpg 150w, https:\/\/www.patricknupert.com\/wp-content\/uploads\/2022\/11\/PIETA-MoK-768x768.jpg 768w, https:\/\/www.patricknupert.com\/wp-content\/uploads\/2022\/11\/PIETA-MoK-12x12.jpg 12w, https:\/\/www.patricknupert.com\/wp-content\/uploads\/2022\/11\/PIETA-MoK-1100x1100.jpg 1100w, https:\/\/www.patricknupert.com\/wp-content\/uploads\/2022\/11\/PIETA-MoK-100x100.jpg 100w, https:\/\/www.patricknupert.com\/wp-content\/uploads\/2022\/11\/PIETA-MoK.jpg 1500w\" sizes=\"auto, (max-width: 800px) 100vw, 800px\" \/>\t\t\t\t\t\t\t\t\t\t\t\t\t\t\t<\/div>\n\t\t\t\t<\/div>\n\t\t\t\t\t<\/div>\n\t\t<\/div>\n\t\t\t\t\t\t\t<\/div>\n\t\t<\/section>\n\t\t\t\t\t<\/div>\n\t\t<\/div>\n\t\t\t\t\t\t\t<\/div>\n\t\t<\/section>\n\t\t\t\t\t\t\t<\/div>","protected":false},"excerpt":{"rendered":"<p>Vous serez tenu(e) inform\u00e9(e) des prochaines actualit\u00e9s de Patrick Nupert. Au plaisir de vous accueillir \u00e0 nouveau sur ce site, ou au fil de nos expos et salons. A bient\u00f4t !<\/p>","protected":false},"author":1,"featured_media":0,"parent":0,"menu_order":0,"comment_status":"closed","ping_status":"closed","template":"","meta":{"footnotes":""},"class_list":["post-4514","page","type-page","status-publish","hentry"],"_links":{"self":[{"href":"https:\/\/www.patricknupert.com\/en\/wp-json\/wp\/v2\/pages\/4514","targetHints":{"allow":["GET"]}}],"collection":[{"href":"https:\/\/www.patricknupert.com\/en\/wp-json\/wp\/v2\/pages"}],"about":[{"href":"https:\/\/www.patricknupert.com\/en\/wp-json\/wp\/v2\/types\/page"}],"author":[{"embeddable":true,"href":"https:\/\/www.patricknupert.com\/en\/wp-json\/wp\/v2\/users\/1"}],"replies":[{"embeddable":true,"href":"https:\/\/www.patricknupert.com\/en\/wp-json\/wp\/v2\/comments?post=4514"}],"version-history":[{"count":7,"href":"https:\/\/www.patricknupert.com\/en\/wp-json\/wp\/v2\/pages\/4514\/revisions"}],"predecessor-version":[{"id":4524,"href":"https:\/\/www.patricknupert.com\/en\/wp-json\/wp\/v2\/pages\/4514\/revisions\/4524"}],"wp:attachment":[{"href":"https:\/\/www.patricknupert.com\/en\/wp-json\/wp\/v2\/media?parent=4514"}],"curies":[{"name":"wp","href":"https:\/\/api.w.org\/{rel}","templated":true}]}}