{"id":68,"date":"2021-06-07T08:52:21","date_gmt":"2021-06-07T08:52:21","guid":{"rendered":"https:\/\/new-irina.novaworks.net\/?page_id=68"},"modified":"2025-02-09T20:37:18","modified_gmt":"2025-02-09T19:37:18","slug":"a-propos","status":"publish","type":"page","link":"https:\/\/www.patricknupert.com\/en\/a-propos\/","title":{"rendered":"About"},"content":{"rendered":"<div data-elementor-type=\"wp-page\" data-elementor-id=\"68\" class=\"elementor elementor-68\">\n\t\t\t\t\t\t\t\t\t<section class=\"elementor-section elementor-top-section elementor-element elementor-element-2d92c802 elementor-section-boxed elementor-section-height-default elementor-section-height-default\" data-id=\"2d92c802\" data-element_type=\"section\">\n\t\t\t\t\t\t\t<div class=\"elementor-background-overlay\"><\/div>\n\t\t\t\t\t\t\t<div class=\"elementor-container elementor-column-gap-default\">\n\t\t\t\t\t<div class=\"elementor-column elementor-col-50 elementor-top-column elementor-element elementor-element-60d50b57 elementor-invisible\" data-id=\"60d50b57\" data-element_type=\"column\" data-settings=\"{&quot;animation&quot;:&quot;fadeIn&quot;}\">\n\t\t\t<div class=\"elementor-widget-wrap elementor-element-populated\">\n\t\t\t\t\t\t\t\t<div class=\"elementor-element elementor-element-205ba27 elementor-widget elementor-widget-image\" data-id=\"205ba27\" data-element_type=\"widget\" data-widget_type=\"image.default\">\n\t\t\t\t<div class=\"elementor-widget-container\">\n\t\t\t\t\t\t\t\t\t\t\t\t\t\t\t<img loading=\"lazy\" decoding=\"async\" width=\"768\" height=\"1024\" src=\"https:\/\/www.patricknupert.com\/wp-content\/uploads\/2025\/02\/MOTSEK-01-768x1024.jpg\" class=\"attachment-large size-large wp-image-4682\" alt=\"\" srcset=\"https:\/\/www.patricknupert.com\/wp-content\/uploads\/2025\/02\/MOTSEK-01-768x1024.jpg 768w, https:\/\/www.patricknupert.com\/wp-content\/uploads\/2025\/02\/MOTSEK-01-225x300.jpg 225w, https:\/\/www.patricknupert.com\/wp-content\/uploads\/2025\/02\/MOTSEK-01-1152x1536.jpg 1152w, https:\/\/www.patricknupert.com\/wp-content\/uploads\/2025\/02\/MOTSEK-01-1536x2048.jpg 1536w, https:\/\/www.patricknupert.com\/wp-content\/uploads\/2025\/02\/MOTSEK-01-9x12.jpg 9w, https:\/\/www.patricknupert.com\/wp-content\/uploads\/2025\/02\/MOTSEK-01-scaled.jpg 1920w\" sizes=\"auto, (max-width: 768px) 100vw, 768px\" \/>\t\t\t\t\t\t\t\t\t\t\t\t\t\t\t<\/div>\n\t\t\t\t<\/div>\n\t\t\t\t\t<\/div>\n\t\t<\/div>\n\t\t\t\t<div class=\"elementor-column elementor-col-50 elementor-top-column elementor-element elementor-element-7f0f8a36\" data-id=\"7f0f8a36\" data-element_type=\"column\">\n\t\t\t<div class=\"elementor-widget-wrap elementor-element-populated\">\n\t\t\t\t\t\t\t\t<div class=\"elementor-element elementor-element-14db6aec elementor-widget elementor-widget-text-editor\" data-id=\"14db6aec\" data-element_type=\"widget\" data-widget_type=\"text-editor.default\">\n\t\t\t\t<div class=\"elementor-widget-container\">\n\t\t\t\t\t\t\t<p>Patrick NUPERT paints another poetic reality than that to which the hand of man tends by default. <\/p><p>For the artist, beauty emerges from a naturally intelligent intuitive force of things, which expresses itself in a disorganized chaos of matter and life. It is a question of uniting in a pictorial oxymoron, what human logic opposes: beauty and disorder, life and accident, anecdote and the essential.<\/p><p>Combine the seemingly irreconcilable to say the Beautiful, look at life in its most mysterious and most perfect, where the question of identity is conceived as a questioning of the past in relation to a future to be built. With him, Matter, Unfinished, Scream, Surprise and Life are only present to confront each other and then observe each other in a shared acceptance, and it is in this that painting is a privileged moment.<\/p><p>In this tangle of feelings and states, the artist expresses his faith in Life and in that it abounds in surprise and profusion. The anchoring of his works in the concern for an expression as accurately as possible of an introspective reality, makes this pictorial creation an initiatory quest, of which each line and each word is its breath.<\/p>\t\t\t\t\t\t<\/div>\n\t\t\t\t<\/div>\n\t\t\t\t\t<\/div>\n\t\t<\/div>\n\t\t\t\t\t\t\t<\/div>\n\t\t<\/section>\n\t\t\t\t\t\t\t<\/div>","protected":false},"excerpt":{"rendered":"<p>Patrick NUPERT peint une autre r\u00e9alit\u00e9 po\u00e9tique que celle \u00e0 laquelle la main de l\u2019homme tend par d\u00e9faut. Pour l\u2019artiste, la beaut\u00e9 \u00e9merge d\u2019une force intuitive naturellement intelligente des choses, qui s\u2019exprime dans un chaos d\u00e9sorganis\u00e9 de mati\u00e8re et de vie. Il s\u2019agit d\u2019unir dans un oxymore pictural, ce que la logique humaine oppose : [&hellip;]<\/p>","protected":false},"author":1,"featured_media":0,"parent":0,"menu_order":0,"comment_status":"closed","ping_status":"closed","template":"","meta":{"footnotes":""},"class_list":["post-68","page","type-page","status-publish","hentry"],"_links":{"self":[{"href":"https:\/\/www.patricknupert.com\/en\/wp-json\/wp\/v2\/pages\/68","targetHints":{"allow":["GET"]}}],"collection":[{"href":"https:\/\/www.patricknupert.com\/en\/wp-json\/wp\/v2\/pages"}],"about":[{"href":"https:\/\/www.patricknupert.com\/en\/wp-json\/wp\/v2\/types\/page"}],"author":[{"embeddable":true,"href":"https:\/\/www.patricknupert.com\/en\/wp-json\/wp\/v2\/users\/1"}],"replies":[{"embeddable":true,"href":"https:\/\/www.patricknupert.com\/en\/wp-json\/wp\/v2\/comments?post=68"}],"version-history":[{"count":81,"href":"https:\/\/www.patricknupert.com\/en\/wp-json\/wp\/v2\/pages\/68\/revisions"}],"predecessor-version":[{"id":4685,"href":"https:\/\/www.patricknupert.com\/en\/wp-json\/wp\/v2\/pages\/68\/revisions\/4685"}],"wp:attachment":[{"href":"https:\/\/www.patricknupert.com\/en\/wp-json\/wp\/v2\/media?parent=68"}],"curies":[{"name":"wp","href":"https:\/\/api.w.org\/{rel}","templated":true}]}}